{"id":4101,"date":"2023-04-24T11:24:10","date_gmt":"2023-04-24T09:24:10","guid":{"rendered":"https:\/\/bonus.org\/de\/?page_id=4101"},"modified":"2023-04-25T08:26:52","modified_gmt":"2023-04-25T06:26:52","slug":"ueber-uns","status":"publish","type":"page","link":"https:\/\/bonus.org\/de\/ueber-uns\/","title":{"rendered":"\u00dcBER UNS &#8211; Das erfahrene Team und die Redaktion von bonus.org"},"content":{"rendered":"<h2>Professionelle Einstellung und Objektivit\u00e4t<\/h2>\r\n<p class=\"text-left\">Unser Team aus engagierten Experten testet verschiedene Online Gl\u00fccksspielportale und surft im Internet auf der Suche nach so vielen Informationen wie m\u00f6glich \u00fcber die besten Bonusangebote f\u00fcr Sportwetten und Casino.<\/p>\r\n<p class=\"text-left\">Ob Willkommensbonusse, Freispiele, Quoten Boosts, Freebets oder t\u00e4gliche Aktionen, bei bonus.org finden Sie immer die aktuellsten und umfassendsten Informationen. Der Einstieg in die Welt des Online-Gl\u00fccksspiels war f\u00fcr neue Spieler noch nie so einfach.<\/p>\r\n<img decoding=\"async\" src=\"https:\/\/bonus.org\/de\/wp-content\/uploads\/sites\/2\/2023\/04\/CB-1.png\" alt=\"\" width=\"890\" height=\"255\" class=\"alignnone size-medium wp-image-4120\" \/>\r\n<p class=\"text-left\">Dar\u00fcber hinaus vergleicht bonus.org nicht nur die bekannten und etablierten Namen in der Welt der Online-Casinos und Online Buchmacher, sondern auch neugegr\u00fcndete und experimentierfreudige Gl\u00fccksspielportale.<\/p>\r\n<\/div><div class=\"container-fluid content-section\"><div class=\"container\"> \r\n<h2>Unser Team<\/h2>\r\n<p class=\"text-left\">Unser Team mag klein sein, aber wie die sorgf\u00e4ltig erstellten Inhalte auf unserer Website zeigen, ist dieses Team \u00e4u\u00dferst erfahren! Um unsere Leser besser mit den Menschen bekannt zu machen, die sie bei der Auswahl der sichersten Wettportale und der besten Bonusangebote anleiten, stellen wir im Folgenden jeden unserer Autoren mit ein paar Zeilen vor:<\/p>\r\n<img decoding=\"async\" src=\"https:\/\/bonus.org\/de\/wp-content\/uploads\/sites\/2\/2023\/04\/Manfred-Grimm-about-us.png\" alt=\"\" width=\"380\" height=\"341\" class=\"alignnone size-medium wp-image-4124\" srcset=\"https:\/\/bonus.org\/de\/wp-content\/uploads\/sites\/2\/2023\/04\/Manfred-Grimm-about-us.png 590w, https:\/\/bonus.org\/de\/wp-content\/uploads\/sites\/2\/2023\/04\/Manfred-Grimm-about-us-300x269.png 300w, https:\/\/bonus.org\/de\/wp-content\/uploads\/sites\/2\/2023\/04\/Manfred-Grimm-about-us-197x177.png 197w\" sizes=\"(max-width: 380px) 100vw, 380px\" \/>\r\n<p class=\"text-center\"><a href=\"https:\/\/bonus.org\/de\/manfred-grimm\/\"><strong>Manfred Grimm<\/strong><\/a><\/p>\r\n<p class=\"text-left\">Manfred Grimm wurde 1975 in Bonn geboren. Er absolvierte erfolgreich ein Studium der Rechtswissenschaften in K\u00f6ln und hat zu dieser Zeit auch seine Leidenschaft f\u00fcr Sportwetten entdeckt. Mit verschiedenen Beratungsdienstleistungen und Online-Portalen bietet er Tippern kompakte und schnelle Informationen. Durch Consulting-Auftr\u00e4ge hat er Einblick hinter die Kulissen der Branche und als Rechtsanwalt erkennt er auch verworrene Informationen. Seine Liebe zum Eishockey und seine Expertise machen ihn auch als Gastautor beliebt.<\/p>\r\n<img decoding=\"async\" src=\"https:\/\/bonus.org\/de\/wp-content\/uploads\/sites\/2\/2023\/04\/Lars-Olsen-about-us.png\" alt=\"\" width=\"380\" height=\"341\" class=\"alignnone size-medium wp-image-4126\" srcset=\"https:\/\/bonus.org\/de\/wp-content\/uploads\/sites\/2\/2023\/04\/Lars-Olsen-about-us.png 590w, https:\/\/bonus.org\/de\/wp-content\/uploads\/sites\/2\/2023\/04\/Lars-Olsen-about-us-300x269.png 300w, https:\/\/bonus.org\/de\/wp-content\/uploads\/sites\/2\/2023\/04\/Lars-Olsen-about-us-197x177.png 197w\" sizes=\"(max-width: 380px) 100vw, 380px\" \/>\r\n<p class=\"text-center\"><a href=\"https:\/\/bonus.org\/de\/lars-olsen\/\"><strong>Lars Olsen<\/strong><\/a><\/p>\r\n<p class=\"text-left\">Mit \u00fcber 20 Jahren Erfahrung in der Sportwetten Branche ist Lars Olsen ein angesehener Experte, der f\u00fcr seine pr\u00e4zisen Vorhersagen und sein fundiertes Wissen in verschiedenen Sportarten bekannt ist. Seine Karriere begann als Buchmacher und er sammelte im Laufe der Jahre Erfahrungen in verschiedenen Rollen, unter anderem f\u00fcr einige der gr\u00f6\u00dften Buchmacherunternehmen. Dank seiner Leidenschaft f\u00fcr Sport und Wetten hat er eine erfolgreiche Karriere aufgebaut und bleibt ein wichtiger Akteur in der Branche. Lars Olsen ist somit ein Experte, dem man in der Welt der Sportwetten vertrauen kann.<\/p>\r\n<img decoding=\"async\" src=\"https:\/\/bonus.org\/de\/wp-content\/uploads\/sites\/2\/2023\/04\/Moritz-Pohl-about-us.png\" alt=\"\" width=\"380\" height=\"341\" class=\"alignnone size-medium wp-image-4127\" srcset=\"https:\/\/bonus.org\/de\/wp-content\/uploads\/sites\/2\/2023\/04\/Moritz-Pohl-about-us.png 590w, https:\/\/bonus.org\/de\/wp-content\/uploads\/sites\/2\/2023\/04\/Moritz-Pohl-about-us-300x269.png 300w, https:\/\/bonus.org\/de\/wp-content\/uploads\/sites\/2\/2023\/04\/Moritz-Pohl-about-us-197x177.png 197w\" sizes=\"(max-width: 380px) 100vw, 380px\" \/>\r\n<p class=\"text-center\"><a href=\"https:\/\/bonus.org\/de\/moritz-pohl\/\"><strong>Moritz Pohl<\/strong><\/a><\/p>\r\n<p class=\"text-left\">Moritz Pohl ist ein Casino-Fachmann und ein wichtiger Teil der Redaktion von Bonus.org. Seine umfassende Erfahrung im Bereich Online Casinos, Tischspiele, Slots, Poker und Pferdewetten macht ihn zu einem unsch\u00e4tzbaren Vorteil f\u00fcr den kompletten Casino-Sektor. Seine Leidenschaft f\u00fcr Gl\u00fccksspiele begann an seinem 21. Geburtstag, als er nach Las Vegas reiste und das Main Event der World Series of Poker besuchte. Nach Abschluss seines Psychologie-Studiums arbeitete er f\u00fcr verschiedene Online Casinos, Webseitenbetreiber und Redaktionen, bevor er schlie\u00dflich zur Redaktion von bonus.org wechselte. Dort ist er f\u00fcr eine Vielzahl von Kategorien und Nachrichten verantwortlich und liefert immer hochwertige Artikel.<\/p>\r\n<\/div><\/div><div class=\"container\">\r\n<h2>Kontaktieren Sie uns<\/h2>\r\n<p class=\"text-left\">Wie bereits erw\u00e4hnt, ist es unsere Mission, Ihnen genaue, transparente und objektive Bewertungen und Informationen \u00fcber alles Wissenswerte im Bereich des Online Gl\u00fccksspiels, insbesondere \u00fcber die besten Bonusangebote, zur Verf\u00fcgung zu stellen.<\/p>\r\n<p class=\"text-left\">Falls Ihre Meinung \u00fcber ein Thema oder einen Anbieter von unserer abweicht, kontaktieren Sie uns einfach, um uns dies mitzuteilen oder eine Bewertung abzugeben! Wenn Sie einen Fehler auf unserer Website bemerkt haben oder ein Online-Casino oder ein Buchmacher fehlt, verwenden Sie bitte unsere Kontaktseite. Unsere Redakteure sind offen f\u00fcr Anregungen und Fragen.<\/p>","protected":false},"excerpt":{"rendered":"<p>Wir von bonus.org m\u00f6chten dem Leser den kompetentesten Vergleich aller Online-Casinos und Sportwetten Anbieter vorstellen, einschlie\u00dflich der besten Bonus Aktionen, Freispiel Angebote und Quoten Boosts. Aus diesem Grund arbeiten wir hart daran, detaillierte Informationsartikel und Rezensionen f\u00fcr jeden einzelnen Casino-Betreiber und Online Buchmacher zu erstellen.<\/p>\r\n\r\n<p>Unser ausf\u00fchrlicher Bonus-Vergleich sortiert zahlreiche Anbieter nach wirklich wichtigen Kriterien. Ein Blick auf unsere Tabellen und Testergebnisse gen\u00fcgt, um den richtigen Bonus und den f\u00fcr Sie am besten geeigneten Online Casino- oder Wettanbieter zu finden.<\/p>\r\n","protected":false},"author":1,"featured_media":0,"parent":0,"menu_order":0,"comment_status":"closed","ping_status":"closed","template":"templates\/about-us.php","meta":{"footnotes":""},"categories":[],"tags":[],"class_list":["post-4101","page","type-page","status-publish","hentry"],"_links":{"self":[{"href":"https:\/\/bonus.org\/de\/wp-json\/wp\/v2\/pages\/4101","targetHints":{"allow":["GET"]}}],"collection":[{"href":"https:\/\/bonus.org\/de\/wp-json\/wp\/v2\/pages"}],"about":[{"href":"https:\/\/bonus.org\/de\/wp-json\/wp\/v2\/types\/page"}],"author":[{"embeddable":true,"href":"https:\/\/bonus.org\/de\/wp-json\/wp\/v2\/users\/1"}],"replies":[{"embeddable":true,"href":"https:\/\/bonus.org\/de\/wp-json\/wp\/v2\/comments?post=4101"}],"version-history":[{"count":0,"href":"https:\/\/bonus.org\/de\/wp-json\/wp\/v2\/pages\/4101\/revisions"}],"wp:attachment":[{"href":"https:\/\/bonus.org\/de\/wp-json\/wp\/v2\/media?parent=4101"}],"wp:term":[{"taxonomy":"category","embeddable":true,"href":"https:\/\/bonus.org\/de\/wp-json\/wp\/v2\/categories?post=4101"},{"taxonomy":"post_tag","embeddable":true,"href":"https:\/\/bonus.org\/de\/wp-json\/wp\/v2\/tags?post=4101"}],"curies":[{"name":"wp","href":"https:\/\/api.w.org\/{rel}","templated":true}]}}