{"id":3925,"date":"2023-03-07T13:16:13","date_gmt":"2023-03-07T12:16:13","guid":{"rendered":"https:\/\/bonus.org\/de\/?page_id=3925"},"modified":"2024-03-15T09:55:29","modified_gmt":"2024-03-15T08:55:29","slug":"moritz-pohl","status":"publish","type":"page","link":"https:\/\/bonus.org\/de\/moritz-pohl\/","title":{"rendered":"Moritz Pohl"},"content":{"rendered":"<p class=\"text-left\">Moritz entdeckte seine Leidenschaft f\u00fcr Gl\u00fccksspiele, insbesondere Casino Spiele, Poker und Sportwetten, als er seinen 21. Geburtstag feierte. Sein erstes Ticket nach Las Vegas war der Beginn einer erfolgreichen Karriere. W\u00e4hrend seines Aufenthalts dort besuchte er das Main Event der World Series of Poker, welches ihn inspirierte und zu einem ausschlaggebenden Faktor f\u00fcr seine Karriere wurde.<\/p>\r\n<p class=\"text-left\">Nachdem Moritz sein Psychologie-Studium abgeschlossen hatte, begann er f\u00fcr verschiedene Online Casinos, Webseitenbetreiber und Redaktionen zu arbeiten. Sein umfassendes Wissen \u00fcber alle Arten von Gl\u00fccksspiel war bei seinen Kollegen sehr gesch\u00e4tzt, auch wenn er gelegentlich etwas zu viel dar\u00fcber sprach. Als Redakteur war Moritz jedoch von unsch\u00e4tzbarem Wert.<\/p>\r\n<p class=\"text-left\">Nach seiner Zeit an der Pferderennbahn wechselte Moritz schlie\u00dflich zur Redaktion von Bonus.org. Dort ist er verantwortlich f\u00fcr eine Vielzahl von Kategorien und Nachrichten. Egal welches Thema man ihm gibt, er liefert immer einen Top-Artikel.<\/p>","protected":false},"excerpt":{"rendered":"        <div class=\"header-author-profile-img\">\n            <img decoding=\"async\" src=\"\/wp-content\/themes\/ministrap-child\/assets\/images\/authors\/author-bg.svg\"\n                 class=\"header-author-profile-img-bg\"\/>\n            <img decoding=\"async\" src=\"\/wp-content\/themes\/ministrap-child\/assets\/images\/authors\/moritz-pohl.jpg?v=1\"\n                 class=\"header-author-profile-img-avatar\"\/>\n        <\/div>\n        Moritz Pohl ist der Casino-Fachmann in der Redaktion von Bonus.org. Seine Vita macht ihn zu einem unnachahmlichen Vorteil f\u00fcr unseren kompletten Casino-Sektor. Keiner wei\u00df mehr \u00fcber Online Casinos, Tischspiele und Slots sowie Poker und sogar Pferdewetten. ","protected":false},"author":1,"featured_media":0,"parent":0,"menu_order":0,"comment_status":"closed","ping_status":"closed","template":"templates\/author.php","meta":{"footnotes":""},"categories":[],"tags":[],"class_list":["post-3925","page","type-page","status-publish","hentry"],"_links":{"self":[{"href":"https:\/\/bonus.org\/de\/wp-json\/wp\/v2\/pages\/3925","targetHints":{"allow":["GET"]}}],"collection":[{"href":"https:\/\/bonus.org\/de\/wp-json\/wp\/v2\/pages"}],"about":[{"href":"https:\/\/bonus.org\/de\/wp-json\/wp\/v2\/types\/page"}],"author":[{"embeddable":true,"href":"https:\/\/bonus.org\/de\/wp-json\/wp\/v2\/users\/1"}],"replies":[{"embeddable":true,"href":"https:\/\/bonus.org\/de\/wp-json\/wp\/v2\/comments?post=3925"}],"version-history":[{"count":0,"href":"https:\/\/bonus.org\/de\/wp-json\/wp\/v2\/pages\/3925\/revisions"}],"wp:attachment":[{"href":"https:\/\/bonus.org\/de\/wp-json\/wp\/v2\/media?parent=3925"}],"wp:term":[{"taxonomy":"category","embeddable":true,"href":"https:\/\/bonus.org\/de\/wp-json\/wp\/v2\/categories?post=3925"},{"taxonomy":"post_tag","embeddable":true,"href":"https:\/\/bonus.org\/de\/wp-json\/wp\/v2\/tags?post=3925"}],"curies":[{"name":"wp","href":"https:\/\/api.w.org\/{rel}","templated":true}]}}