{"id":3917,"date":"2023-03-07T10:55:32","date_gmt":"2023-03-07T09:55:32","guid":{"rendered":"https:\/\/bonus.org\/de\/?page_id=3917"},"modified":"2024-03-15T09:43:13","modified_gmt":"2024-03-15T08:43:13","slug":"manfred-grimm","status":"publish","type":"page","link":"https:\/\/bonus.org\/de\/manfred-grimm\/","title":{"rendered":"Manfred Grimm"},"content":{"rendered":"<p class=\"text-justify\"><strong>Teamchef<\/strong><\/p>\r\n<p class=\"text-justify\">Den Informationsbedarf von begeisterten Sportwettern, hatte er schon vorher erkannt und Sportwetten Online Portale aufgezogen. Seine Devise lautet, dem interessierten Tipper die bestm\u00f6gliche Information kompakt und schnell zu liefern. Da er selbst auch die ein oder andere Wette platziert, liegt diese hilfreiche Vermittlung von Fachwissen und umfangreiche Hilfestellung f\u00fcr die Leser auch in seinem eigenen Interesse.<\/p>\r\n<p class=\"text-justify\">Durch mehrere Consulting Auftr\u00e4ge bei renommierten Anbietern von Sportwetten, hat er auch den n\u00f6tigen Einblick hinter die Kulissen der Branche und den ein oder anderen direkten Draht zu den Entscheidungstr\u00e4gern. Als Rechtsanwalt, besitzt er das Auge f\u00fcr das Detail und findet auch durch verworrene AGB und sonstige irref\u00fchrende Informationen. Diese spezielle F\u00e4higkeit, leitet er gerne als Mehrwert weiter \u00fcber diverse Sportwetten Webseiten Projekte.<\/p>\r\n<p class=\"text-justify\">Auch als Gastautor ist er ein h\u00e4ufig gefragter Experte. Seine ganz spezielle Liebe gilt dem Eishockey, wo er als hoffnungsvolles Talent galt, bis ihm eine langwierige Verletzung ein viel zu fr\u00fches Ende des aktiven Sportes bereitete.<\/p>","protected":false},"excerpt":{"rendered":"        <div class=\"header-author-profile-img\">\n            <img decoding=\"async\" src=\"\/wp-content\/themes\/ministrap-child\/assets\/images\/authors\/author-bg.svg\"\n                 class=\"header-author-profile-img-bg\"\/>\n            <img decoding=\"async\" src=\"\/wp-content\/themes\/ministrap-child\/assets\/images\/authors\/manfred-grimm.jpg?v=1\"\n                 class=\"header-author-profile-img-avatar\"\/>\n        <\/div>\n        Jahrgang 1975 aus Bonn. Im nahe gelegenen K\u00f6ln ein erfolgreiches Studium der Rechtswissenschaften abgeschlossen, arbeitete er dort auch in diversen Wettb\u00fcros um sich sein Studium zu finanzieren. Aufgrund seiner Leidenschaft f\u00fcr Sportwetten, machte er dort schnell Karriere. In Kombination mit seinem Studium, erkannte er schnell die Notwendigkeit f\u00fcr Beratungsdienstleistungen.","protected":false},"author":1,"featured_media":0,"parent":0,"menu_order":0,"comment_status":"closed","ping_status":"closed","template":"templates\/author.php","meta":{"footnotes":""},"categories":[],"tags":[],"class_list":["post-3917","page","type-page","status-publish","hentry"],"_links":{"self":[{"href":"https:\/\/bonus.org\/de\/wp-json\/wp\/v2\/pages\/3917","targetHints":{"allow":["GET"]}}],"collection":[{"href":"https:\/\/bonus.org\/de\/wp-json\/wp\/v2\/pages"}],"about":[{"href":"https:\/\/bonus.org\/de\/wp-json\/wp\/v2\/types\/page"}],"author":[{"embeddable":true,"href":"https:\/\/bonus.org\/de\/wp-json\/wp\/v2\/users\/1"}],"replies":[{"embeddable":true,"href":"https:\/\/bonus.org\/de\/wp-json\/wp\/v2\/comments?post=3917"}],"version-history":[{"count":0,"href":"https:\/\/bonus.org\/de\/wp-json\/wp\/v2\/pages\/3917\/revisions"}],"wp:attachment":[{"href":"https:\/\/bonus.org\/de\/wp-json\/wp\/v2\/media?parent=3917"}],"wp:term":[{"taxonomy":"category","embeddable":true,"href":"https:\/\/bonus.org\/de\/wp-json\/wp\/v2\/categories?post=3917"},{"taxonomy":"post_tag","embeddable":true,"href":"https:\/\/bonus.org\/de\/wp-json\/wp\/v2\/tags?post=3917"}],"curies":[{"name":"wp","href":"https:\/\/api.w.org\/{rel}","templated":true}]}}