{"id":3911,"date":"2023-03-07T10:35:00","date_gmt":"2023-03-07T09:35:00","guid":{"rendered":"https:\/\/bonus.org\/de\/?page_id=3911"},"modified":"2024-03-15T09:48:43","modified_gmt":"2024-03-15T08:48:43","slug":"lars-olsen","status":"publish","type":"page","link":"https:\/\/bonus.org\/de\/lars-olsen\/","title":{"rendered":"Lars Olsen"},"content":{"rendered":"<p class=\"text-left\">Lars Olsen begann seine Karriere in der Sportwetten Branche vor \u00fcber 20 Jahren als Buchmacher. Im Laufe der Jahre hat Lars Erfahrungen in verschiedenen Rollen gesammelt. Er hat f\u00fcr einige der gr\u00f6\u00dften Buchmacherunternehmen gearbeitet und sein Wissen und seine Expertise genutzt, um eine erfolgreiche Karriere hinzulegen.<\/p>\r\n<p class=\"text-left\">Insgesamt ist Lars Olsen ein angesehener Experte in der Sportwetten Branche, der f\u00fcr sein fundiertes Wissen, seine Erfahrung und seine pr\u00e4zisen Vorhersagen bekannt ist. Seine Leidenschaft f\u00fcr Sport und Wetten hat ihm zu einer erfolgreichen Karriere verholfen und er bleibt ein wichtiger Akteur in der Branche.<\/p>","protected":false},"excerpt":{"rendered":"        <div class=\"header-author-profile-img\">\n            <img decoding=\"async\" src=\"\/wp-content\/themes\/ministrap-child\/assets\/images\/authors\/author-bg.svg\"\n                 class=\"header-author-profile-img-bg\"\/>\n            <img decoding=\"async\" src=\"\/wp-content\/themes\/ministrap-child\/assets\/images\/authors\/lars-olsen.jpg?v=1\"\n                 class=\"header-author-profile-img-avatar\"\/>\n        <\/div>\n        Lars Olsen ist ein Experte in der Sportwetten Branche und hat mehr als 20 Jahre Erfahrung in diesem Bereich. Sein fundiertes Wissen hat ihm zu einem angesehenen Namen in der Branche gemacht und er ist daf\u00fcr bekannt, akkurate und pr\u00e4zise Vorhersagen f\u00fcr verschiedene Sportarten zu treffen.","protected":false},"author":1,"featured_media":0,"parent":0,"menu_order":0,"comment_status":"closed","ping_status":"closed","template":"templates\/author.php","meta":{"footnotes":""},"categories":[],"tags":[],"class_list":["post-3911","page","type-page","status-publish","hentry"],"_links":{"self":[{"href":"https:\/\/bonus.org\/de\/wp-json\/wp\/v2\/pages\/3911","targetHints":{"allow":["GET"]}}],"collection":[{"href":"https:\/\/bonus.org\/de\/wp-json\/wp\/v2\/pages"}],"about":[{"href":"https:\/\/bonus.org\/de\/wp-json\/wp\/v2\/types\/page"}],"author":[{"embeddable":true,"href":"https:\/\/bonus.org\/de\/wp-json\/wp\/v2\/users\/1"}],"replies":[{"embeddable":true,"href":"https:\/\/bonus.org\/de\/wp-json\/wp\/v2\/comments?post=3911"}],"version-history":[{"count":0,"href":"https:\/\/bonus.org\/de\/wp-json\/wp\/v2\/pages\/3911\/revisions"}],"wp:attachment":[{"href":"https:\/\/bonus.org\/de\/wp-json\/wp\/v2\/media?parent=3911"}],"wp:term":[{"taxonomy":"category","embeddable":true,"href":"https:\/\/bonus.org\/de\/wp-json\/wp\/v2\/categories?post=3911"},{"taxonomy":"post_tag","embeddable":true,"href":"https:\/\/bonus.org\/de\/wp-json\/wp\/v2\/tags?post=3911"}],"curies":[{"name":"wp","href":"https:\/\/api.w.org\/{rel}","templated":true}]}}