{"id":1622,"date":"2022-12-14T11:43:56","date_gmt":"2022-12-14T11:43:56","guid":{"rendered":"http:\/\/www.bonus.org\/de\/?page_id=1622"},"modified":"2023-10-31T15:36:26","modified_gmt":"2023-10-31T14:36:26","slug":"freispiele","status":"publish","type":"page","link":"https:\/\/bonus.org\/de\/gametwist\/freispiele\/","title":{"rendered":"GameTwist Freispiele 2026 \u2013 aktuelle Free Spins als No Deposit Bonus"},"content":{"rendered":"<div class=\"content-section-operator\"> \r\n<p class=\"text-left\">Game Twist ist kein Echtgeld-Casino. Wer hier spielt, kann keinen auszahlbaren Gewinn erwarten. Spieler, die sich bei Game Twist anmelden, k\u00f6nnen zun\u00e4chst mit einem virtuellen Startguthaben von 5.000 Euro kostenlos an \u00fcber 150 Casinospielen, darunter rund 100 klassische und neuere Slot-Automaten, wie Book of Ra, Sizzling Hot Deluxe oder Lord of the Ocean, aber auch Roulette, Blackjack, Baccarat, Poker, Bingo und Craps spielen.<\/p>\r\n\r\n<p class=\"text-left\">Das Besondere ist, dass bei Game Twist auch Skat und zahlreiche Brettspiele wie Schach angeboten werden. So gesehen, sind alle Spiele, solange bis die 5.000 Euro virtuelles Guthaben verbraucht sind, Freispiele bei Game Twist. Die bei Game Twist Casino eingesetzten Spielgelder hei\u00dfen \u00fcbrigens \u201eTwists\u201c.<\/p>\r\n<\/div> \r\n\r\n<div class=\"internal-nav internal-nav-page-content row\"><div class=\"internal-nav-container\"><div class=\"internal-nav-title\"><i class=\"icon-chip-2 mx-2 \"><\/i>INHALTS\u00dcBERSICHT:<\/div><a href=\"#freispiele-ohne-einzahlung\" class=\"internal-nav-item js-scroll\"><i class=\"icon-money\"><\/i>Freispiele ohne Einzahlung<\/a><a href=\"#free-spins-mit-einzahlung\" class=\"internal-nav-item js-scroll\"><i class=\"icon-star\"><\/i>Free Spins nach Einzahlung<\/a><a href=\"#umsatzbedingungen\" class=\"internal-nav-item js-scroll\"><i class=\"icon-apps-add\"><\/i>Umsatzbedingungen<\/a><a href=\"#bonus-code\" class=\"internal-nav-item js-scroll\"><i class=\"icon-coins\"><\/i>Bonus Code<\/a><a href=\"#slots\" class=\"internal-nav-item js-scroll\"><i class=\"icon-faq\"><\/i>Freigegebene Slots<\/a><\/div><\/div><style>\r\n    .internal-nav {\r\n        background: #F9FAFE;\r\n        padding: 17px 25px;\r\n        border-radius: 8px;\r\n        margin-top: 2rem;\r\n        margin-bottom: 2rem;\r\n    }\r\n\r\n    .internal-nav-container {\r\n        width: 100%;\r\n        background: #fff;\r\n        border-radius: 8px;\r\n        padding: 4px;\r\n        box-shadow: 5px 5px 30px #000D4A1A;\r\n        display: flex;\r\n        flex-direction: column;\r\n    }\r\n\r\n    .internal-nav-title i {\r\n        color: #5B7189;\r\n        font-size: 9px;\r\n    }\r\n\r\n    .internal-nav-title {\r\n        background: #F1F8FE;\r\n        font: normal normal 600 16px\/50px Gibson;\r\n        color: #000D4A;\r\n        text-transform: uppercase;\r\n        border-radius: 8px 8px 0px 0px;\r\n    }\r\n\r\n    .internal-nav-item {\r\n        font: normal normal normal 16px\/16px Effra;\r\n        color: #5B7189;\r\n        text-decoration: none;\r\n        height: 52px;\r\n        flex-direction: row;\r\n        display: flex;\r\n        align-items: center;\r\n        border-radius: 8px;\r\n        padding: 8px;\r\n        text-align: left;\r\n    }\r\n\r\n    .internal-nav-item:nth-child(2n+1) {\r\n        background: rgba(249, 250, 254, 0.55);\r\n    }\r\n\r\n    .internal-nav-item i {\r\n        font-size: 20px;\r\n        width: 40px;\r\n        height: 40px;\r\n        display: flex;\r\n        align-items: center;\r\n        justify-content: center;\r\n        background: #F1F8FE;\r\n        border-radius: 8px;\r\n        margin-right: 15px;\r\n    }\r\n\r\n        .internal-nav-page-content .internal-nav-item i:last-child {\r\n            \/*margin-left: auto;*\/\r\n            \/*margin-right: 0px;*\/\r\n            margin-right: 10px;\r\n            margin-left: 0;\r\n        }\r\n\r\n    .post-template-advisor-template .internal-nav,\r\n    .page-template-software-template .internal-nav,\r\n    .page-template-payment-template .internal-nav,\r\n    .page-template-overview .internal-nav{\r\n        background: none;\r\n        margin: 0;\r\n        z-index: 1;\r\n        position: relative;\r\n    }\r\n\r\n    .post-template-advisor-template .internal-nav-container,\r\n    .page-template-software-template .internal-nav-container,\r\n    .page-template-payment-template .internal-nav-container,\r\n    .page-template-overview .internal-nav-container {\r\n        \/*box-shadow: none;*\/\r\n    }\r\n\r\n    @media only screen and (max-width: 767px) {\r\n        .internal-nav-container {\r\n            box-shadow: 5px 5px 10px #000D4A1A;\r\n        }\r\n\r\n        .internal-nav {\r\n            padding: 0 10px;\r\n        }\r\n\r\n        #wpadminbar {\r\n            display: none !important;\r\n        }\r\n    }\r\n\r\n    @media only screen and (min-width: 767px) {\r\n\r\n        .post-template-advisor-template .internal-nav-container,\r\n        .page-template-software-template .internal-nav-container,\r\n        .page-template-payment-template .internal-nav-container,\r\n        .page-template-overview .internal-nav-container {\r\n            flex-direction: row;\r\n            flex-wrap: wrap;\r\n            padding-bottom: 10px;\r\n        }\r\n\r\n\r\n        .post-template-advisor-template .internal-nav-title,\r\n        .page-template-software-template .internal-nav-title,\r\n        .page-template-payment-template .internal-nav-title,\r\n        .page-template-overview .internal-nav-title {\r\n            flex: 0 0 100%;\r\n            margin-bottom: 10px;\r\n        }\r\n\r\n\r\n        .post-template-advisor-template .internal-nav-item,\r\n        .page-template-software-template .internal-nav-item,\r\n        .page-template-payment-template .internal-nav-item,\r\n        .page-template-overview .internal-nav-item {\r\n            flex: 0 0 50%;\r\n            padding: 8px 15px;\r\n        }\r\n\r\n        .post-template-advisor-template .internal-nav-item:nth-child(2n),\r\n        .page-template-software-template .internal-nav-item:nth-child(2n),\r\n        .page-template-payment-template .internal-nav-item:nth-child(2n),\r\n        .page-template-overview .internal-nav-item:nth-child(2n) {\r\n            border-right: 2px dashed #eeeff6;\r\n            border-radius: 0;\r\n        }\r\n\r\n\r\n    }\r\n<\/style>\r\n\r\n<h2 id=\"freispiele-ohne-einzahlung\">Werden Freispiele ohne Einzahlung angeboten?<\/h2>\r\n<p class=\"text-left\">Neue Spieler, die sich <a href=\"https:\/\/bonus.org\/de\/gametwist\/\">bei Game Twist<\/a> registrieren, bekommen von Beginn an ein Twist-Guthaben in H\u00f6he von 5.000 Euro als Spielgeld auf ihr Konto gutgeschrieben. Die Twists k\u00f6nnen ohne Einschr\u00e4nkungen an allen im Casino von Game Twist vorhandenen Spielen beliebig eingesetzt werden.<\/p>\r\n<div class=\"content-section-operator\"> \r\n<h2 id=\"free-spins-mit-einzahlung\">Werden\u00a0bei\u00a0GameTwist\u00a0Freispiele durch eine Einzahlung angeboten<\/h2>\r\n<p class=\"text-left\">Wer bei Game Twist virtuelles Guthaben nachbestellen m\u00f6chte, um in seinem Lieblingsspiel weiterzuspielen oder in einer Rangliste voranzukommen, kann f\u00fcr kleines Geld neue Twists, also ein weiteres Freispielguthaben, erwerben. Aktuell gibt es bei Game Twist sogar eine Sonderaktion, bei der auf die Twistpakete ein 200 % Bonus als zus\u00e4tzliches Freispielguthaben dazu gew\u00e4hrt wird.<\/p>\r\n\r\n<div class=\"operator-bonus-box\">\r\n    <div class=\"operator-bonus-box-container row m-0\">\r\n        <div class=\"col-lg-6 pl-lg-0 pr-lg-0\">\r\n            <div class=\"operator-bonus-box-left\">\r\n                <div class=\"operator-bonus-box-logo\" style=\"background: #333744\">\r\n                    <div class=\"operator-bonus-box-logo-rating\">\r\n                        <span><i class=\"icon-star-full\"><\/i>6.0<\/span>\r\n                        <label>Bewertung<\/label>\r\n                    <\/div>\r\n                    <span class=\"m-0\"><img decoding=\"async\" src=\"\/deutsch\/assets\/logos\/casino\/dark-back\/gametwist.png\" width=\"120\" height=\"61\" alt=\"GameTwist\" \/><\/span>                    <img decoding=\"async\" src=\"\/wp-content\/themes\/ministrap-child\/assets\/images\/common\/casino-bonus.svg\" width=\"56\" height=\"31\" alt=\"casino Promo\"\/>\r\n\r\n                <\/div>\r\n                <div class=\"operator-bonus-box-bonus\"> Kein Bonus<\/div>\r\n\r\n                <div class=\"operator-bonus-box-button-holder\">\r\n                     <span class=\"cursored button js-golink operator-btn-arrow gtm_operator_bonus_box\"  onclick=\"OpenGoLink(this);\" data-operator=\"144\" data-bonus=\"2711\" data-type=\"casino\" ><span class=\"ml-auto\">Jetzt spielen<\/span> <i class=\"icon-arrow\"><\/i><\/span>                 <\/div>\r\n                <div class=\"operator-bonus-box-tnc\">Es gelten die AGB. 18+<\/div>\r\n            <\/div>\r\n        <\/div>\r\n        <div class=\"col-lg-6 pr-lg-0 pl-lg-2\">\r\n            <div class=\"bonus-data-holder\">\r\n                <div class=\"operator-bonus-box-description\"><label>Bonus<\/label>Kein Bonus                <\/div>\r\n                <table class=\"bonus-table\">\r\n\r\n                    <tr>\r\n                        <th>Prozent<\/th>\r\n                        <td>-<\/td>\r\n                    <\/tr>\r\n                    <tr>\r\n                        <th>Umsatz<\/th>\r\n                        <td>x -<\/td>\r\n                    <\/tr>\r\n                    <tr>\r\n                        <th>Mindestquote<\/th>\r\n                        <td><\/td>\r\n                    <\/tr>\r\n                    <tr>\r\n                        <th>Min. Einzahlung<\/th>\r\n                        <td><\/td>\r\n                    <\/tr>\r\n                    <tr>\r\n                        <th>Bonus Zeitraum<\/th>\r\n                        <td> Tage<\/td>\r\n                    <\/tr>\r\n                <\/table>\r\n            <\/div>\r\n        <\/div>\r\n    <\/div>\r\n    <\/div>\r\n<style>\r\n    .operator-bonus-box {\r\n        background: #F1F8FE;\r\n        padding: 18px 25px;\r\n        border-radius: 8px;\r\n        margin-right: -15px;\r\n        margin-left: -15px;\r\n        margin-bottom: 2rem;\r\n    }\r\n\r\n    .operator-bonus-box .bonus-data-holder {\r\n        outline: none;\r\n        background: #F9FAFE;\r\n    }\r\n\r\n    .operator-bonus-box-container {\r\n        outline: 4px solid #fff;\r\n        border-radius: 8px;\r\n        box-shadow: 5px 5px 30px #000D4A1A;\r\n    }\r\n\r\n    .operator-bonus-box table.bonus-table {\r\n        width: 100%;\r\n    }\r\n\r\n    .operator-bonus-box-description label {\r\n        font: normal normal normal 14px\/18px Effra;\r\n        color: rgba(91, 113, 137, 0.6);\r\n        margin-bottom: 15px;\r\n    }\r\n\r\n    .operator-bonus-box-description {\r\n        display: flex;\r\n        align-items: center;\r\n        justify-content: center;\r\n        flex-direction: column;\r\n        background: #FFFFFF;\r\n        border-radius: 8px;\r\n        font: normal normal normal 16px\/18px Effra;\r\n        text-align: center;\r\n        color: #547392;\r\n        padding: 15px 10px;\r\n    }\r\n\r\n    .operator-bonus-box-logo {\r\n        justify-content: space-between;\r\n        align-items: start;\r\n        display: flex;\r\n        flex-direction: row;\r\n        border-radius: 8px 8px 0px 0px;;\r\n    }\r\n\r\n    .operator-bonus-box-logo > img {\r\n        margin: 12px 12px 0 0;\r\n    }\r\n\r\n    .operator-bonus-box-logo-rating {\r\n        margin: 12px 0 0 12px;\r\n        display: flex;\r\n        flex-direction: column;\r\n        font: normal normal normal 15px\/25px Gibson;\r\n        color: #fff;\r\n        width: 56px;\r\n        text-align: center;\r\n    }\r\n\r\n    .operator-bonus-box-logo-rating label {\r\n        font: normal normal normal 12px\/12px Effra;\r\n        text-align: center;\r\n    }\r\n\r\n    .operator-bonus-box-logo-rating i {\r\n        font-size: 12px;\r\n        color: #FFC107;\r\n        position: relative;\r\n        bottom: 2px;\r\n        margin-right: 3px;\r\n    }\r\n\r\n    .operator-bonus-box-left {\r\n        box-shadow: 3px 3px 10px #000D4A1A;\r\n        outline: 3px solid #fff;\r\n        border-radius: 8px;\r\n        height: 100%;\r\n        display: flex;\r\n        flex-direction: column;\r\n        background: #F9FAFE;\r\n    }\r\n\r\n    .operator-bonus-box-button-holder {\r\n        background: #EFF6FD;\r\n        border-bottom: 2px solid #fff;\r\n        border-top: 2px solid #fff;\r\n        display: flex;\r\n        align-items: center;\r\n        justify-content: center;\r\n        padding: 16px 0;\r\n    }\r\n\r\n    .operator-bonus-box-tnc {\r\n        font: normal normal 300 11px\/1 Gibson;\r\n        text-align: center;\r\n        margin: 12px 0;\r\n        color: #5B7189;\r\n\r\n    }\r\n\r\n    .operator-bonus-box-bonus {\r\n        font: normal normal 600 23px\/23px Gibson;\r\n        color: #000D4A;\r\n        text-align: center;\r\n        margin: auto;\r\n        display: flex;\r\n        align-items: center;\r\n    }\r\n    \/*DESKTOP ONLY*\/\r\n    @media only screen and (min-width: 767px) {\r\n        .operator-bonus-box-bonus {\r\n            min-height: 95px;\r\n        }\r\n    }\r\n<\/style>\r\n\r\n<\/div> \r\n<h2 id=\"umsatzbedingungen\">Die Umsatzbedingungen der jeweiligen Freispiele<\/h2>\r\n<p class=\"text-left\">Da es sich bei Game Twist um ein Casino handelt, bei dem nicht um echtes Geld gespielt wird, gibt es auch keine Umsatzbedingungen, die erf\u00fcllt werden m\u00fcssen, um Free Spins oder Boni freizuspielen. Alle Eins\u00e4tze erfolgen mit Spielgeld, auch wenn Twists, die zum Spielen bei Game Twist mit echtem Geld erworben werden.<\/p>\r\n<p class=\"text-left\">Die Gewinne, die Spieler in einem der <a href=\"https:\/\/bonus.org\/de\/casino\/spielautomaten\/\">Slotautomaten<\/a> und an den Roulette-, Baccarat-, Blackjack oder Pokertischen oder in den sonstigen Spielen erzielen, werden dem Spielerkonto als nicht auszahlbares Spielgeld-Guthaben gutgeschrieben.<\/p>\r\n<div class=\"content-section-operator\"> \r\n<h2 id=\"bonus-code\">Gibt es bei GameTwist\u00a0spezielle Codes zum Erhalt der Freispiele?<\/h2>\r\n<p class=\"text-left\">Spezielle Bonuscodes f\u00fcr <a href=\"https:\/\/bonus.org\/de\/casino\/freispiele\/\">Free Spins<\/a> oder sonstige Casino Boni gibt es bei Game Twist nicht.<\/p>\r\n<\/div> \r\n<h2 id=\"slots\">Gelten die Freispiele nur f\u00fcr bestimmte Spielautomaten?<\/h2>\r\n<p class=\"text-left\">In vielen Echtgeld-casinos sind die gew\u00e4hrten Freispiele an bestimmte Slots gebunden und k\u00f6nnen nur an diesen eingesetzt werden. Ein Grund hierf\u00fcr kann zum Beispiel sein, dass ein neuer in das Spieleprogramm aufgenommener Automat besonders angepriesen werden soll. Nicht so bei game Twist. Twists sind die universelle Spielw\u00e4hrung bei Game Twist.<\/p>\r\n<p class=\"text-left\">Daher k\u00f6nnen diese als Freispiel-Guthaben in allen vorhandenen Spielen v\u00f6llig risikofrei und ohne Beachtung eventueller Bonus- und Umsatzbedingungen im GameTwist\u00a0eingesetzt werden. Auch die Gewinne sind reines Spielgeld in Form von Twists, die \u00fcberall eingesetzt werden k\u00f6nnen.<\/p>\r\n<div class=\"content-section-operator\"> \r\n<h2>Wie ist das Angebot an Freispielen beim Anbieter GameTwist zu bewerten?<\/h2>\r\n<p class=\"text-left\">Beim Spielen im Casino von Game Twist handelt es sich nicht um Gl\u00fccksspiel im herk\u00f6mmlichen Sinne, da hier an den \u00fcber 150 vorhandenen Slots, Tisch- Karten- und W\u00fcrfelspielen nur um virrtuelles Geld gespielt werden kann. Insoweit handelt es sich um ein seri\u00f6ses Casino, dass zum Beispiel auch f\u00fcr Jugendliche geeignet ist.<\/p>\r\n<p class=\"text-left\">Man kann sich nat\u00fcrlich die Frage stellen, warum man f\u00fcr das Spielen mit Spielgeld echtes Geld bezahlen soll, wenn man Coins nachordern m\u00f6chte. Aber, erstens handelt es sich nur um kleine und damit sehr faire Betr\u00e4ge, die dazu dienen, die Spiele-Plattform zu finanzieren und zweitens muss man auch bei anderen Spieleanbietern f\u00fcr Browserspiele echtes Geld bezahlen, wenn man gewisse Premium Add-Ons zur Verf\u00fcgung haben m\u00f6chte.<\/p>\r\n<p class=\"text-left\">Ebenso muss jeder, der zum Beispiel bei einem Skat-Turnier teilnehmen m\u00f6chte, ein Startgeld zahlen Wer sich bei Game Twist zum ersten Mal anmeldet, bekommt zudem ein Spielgeld von 5.000 Euro zur Verf\u00fcgung gestellt, mit dem zun\u00e4chst v\u00f6llig kostenlos gespielt werden kann. So verbleibt die Entscheidung ob Twists nachbestellt werden sollen, in jedem Fall beim Spieler selbst. Die Qualit\u00e4t der Spiele (z.B Roulette, <a href=\"https:\/\/bonus.org\/de\/casino\/blackjack\/\">Blackjack<\/a> usw.), die zum \u00fcberwiegenden Teil von Novoline gestellt werden, ist hinsichtlich ihrer Grafik und des Spielablaufes, wie man es von diesem Anbieter gewohnt ist, hervorragend.<\/p>\r\n<p class=\"text-left\">Neben reinen Casinospielen hat der Anbieter auch eine Reihe, von in Echtgeld-Casinos nicht vorhandenen Spielen, wie Schach oder Skat im Angebot, die traditionell nicht zu den Gl\u00fccksspielen z\u00e4hlen. Somit ist Game Twist auch f\u00fcr eine Zielgruppe interessant, die nicht unbedingt auf der Suche nach einem klassischen Echtgeld-Casino-Anbieter sind.<\/p>\r\n<p class=\"text-left\"><div class=\"operator-bonus-box operator-evaluate-box\">\r\n    <div class=\"operator-evaluate\">\r\n        <div class=\"operator-evaluate-banner-box row\"  onclick=\"OpenGoLink(this);\" data-operator=\"144\" data-bonus=\"1257\" >\r\n            <div class=\"operator-evaluate-banner-logo-holder mx-auto\">\r\n                <img decoding=\"async\" src=\"\/wp-content\/themes\/ministrap-child\/assets\/images\/operator\/casino-bonus-evaluate.svg\"\r\n                     class=\"operator-evaluate-badge\" alt=\"casino Bonus\" width=\"auto\"\r\n                     height=\"16\"\/>\r\n                 <span class=\"cursored  \"  onclick=\"OpenGoLink(this);\" data-operator=\"144\" data-bonus=\"2711\" data-type=\"casino\" ><img decoding=\"async\" src=\"\/deutsch\/assets\/logos\/casino\/dark-back\/gametwist.png\" width=\"120\" height=\"61\" alt=\"GameTwist\" \/> <\/span>             <\/div>\r\n            <div class=\"operator-evaluate-banner-box-confeti\">\r\n                <b>Kein Bonus<\/b>\r\n                Kein Bonus            <\/div>\r\n        <\/div>\r\n\r\n\r\n<!--        <div class=\"likes-dislikes-heading\">--><!--<\/div>-->\r\n            <\/div>\r\n\r\n<\/div>\r\n<style>\r\n\r\n    .operator-evaluate .page-like-dislike {\r\n        padding-bottom: 0;\r\n    }\r\n\r\n    \/*.operator-evaluate .likes-dislikes-heading {*\/\r\n    \/*    text-transform: none;*\/\r\n    \/*}*\/\r\n\r\n    .operator-evaluate .page-like-dislike-value i,\r\n    .operator-evaluate .page-like-dislike-bar-container {\r\n        background: #fff;\r\n    }\r\n\r\n    .operator-evaluate .page-like-dislike-progress {\r\n        background: #FFCA00;\r\n    }\r\n\r\n    .operator-evaluate-banner-box,\r\n    .operator-evaluate .page-like-dislike-bar {\r\n        background: #000;\r\n    }\r\n\r\n\r\n    .operator-evaluate-banner-box {\r\n        border-radius: 8px;\r\n        display: flex;\r\n        flex-direction: row;\r\n        align-items: center;\r\n        flex-wrap: wrap;\r\n        height: 125px;\r\n        position: relative;\r\n        \/*margin-bottom: 40px;*\/\r\n    }\r\n\r\n    .operator-evaluate-banner-logo-holder {\r\n        display: flex;\r\n        flex-direction: column;\r\n        align-items: center;\r\n        justify-content: center;\r\n        z-index: 2;\r\n    }\r\n\r\n    .operator-evaluate-banner-box-confeti:after {\r\n        content: url(\/wp-content\/themes\/ministrap-child\/assets\/images\/operator\/confeti-operator-evaluate.svg);\r\n        position: absolute;\r\n        right: 0;\r\n        top: 50%;\r\n        transform: translateY(-50%);\r\n        z-index: -1;\r\n    }\r\n\r\n    .operator-evaluate-banner-box-confeti {\r\n        position: relative;\r\n        flex: 1;\r\n        display: flex;\r\n        flex-direction: column;\r\n        align-items: flex-start;\r\n        justify-content: center;\r\n        text-align: left;\r\n        color: #FFCA00;\r\n        font: normal normal normal 18px\/21px Gibson;\r\n        max-width: 490px;\r\n        padding: 0 50px 0 100px;\r\n        margin-left: auto;\r\n        text-shadow: 1px 1px 5px #000, 2px 2px 5px #000;\r\n        z-index: 1;\r\n    }\r\n\r\n    .operator-evaluate-banner-box-confeti b {\r\n        font: normal normal 600 32px\/39px Gibson;\r\n        color: #fff;\r\n    }\r\n\r\n    @media only screen and (max-width: 767px) {\r\n        .operator-evaluate-box {\r\n            \/*overflow: hidden;*\/\r\n            padding: 10px 30px;\r\n        }\r\n        \/*.operator-evaluate {*\/\r\n        \/*    position: relative;*\/\r\n        \/*    z-index: 1;*\/\r\n        \/*}*\/\r\n\r\n        \/*.operator-evaluate:after {*\/\r\n        \/*    content: url(\/wp-content\/themes\/ministrap-child\/assets\/images\/operator\/confeti-operator-evaluate.svg);*\/\r\n        \/*    position: absolute;*\/\r\n        \/*    right: 0;*\/\r\n        \/*    top: 50%;*\/\r\n        \/*    transform: translateY(-50%);*\/\r\n        \/*    z-index: -1;*\/\r\n        \/*}*\/\r\n\r\n        .operator-evaluate-banner-box-confeti:after {\r\n            content: '';\r\n            background-image: url(\/wp-content\/themes\/ministrap-child\/assets\/images\/operator\/confeti-operator-evaluate-mobile.svg);\r\n            width: 100%;\r\n            background-size: contain;\r\n            max-width: 100%;\r\n            left: 0 !important;\r\n            padding-top: 56.44%;\r\n\r\n        }\r\n\r\n        .operator-evaluate-banner-box {\r\n            margin: 0;\r\n        }\r\n        .operator-evaluate-banner-box-confeti {\r\n            font-size: 14px;\r\n            line-height: 16px;\r\n            padding: 0;\r\n            position: initial;\r\n            padding: 0 15px;\r\n        }\r\n\r\n        .operator-evaluate-banner-box-confeti b {\r\n            font-size: 20px;\r\n            line-height: 22px;\r\n        }\r\n        .operator-evaluate .page-like-dislike {\r\n            padding-bottom: 0;\r\n            margin-right: -10px;\r\n            margin-left: -10px;\r\n            margin-top: 25px;\r\n        }\r\n    }\r\n<\/style><\/p>\r\n<\/div> ","protected":false},"excerpt":{"rendered":"Werden Freispiele ohne Einzahlung angeboten? Neue Spieler, die sich bei Game Twist registrieren, bekommen von Beginn an ein Twist-Guthaben in H\u00f6he von 5.000 Euro als Spielgeld auf ihr Konto gutgeschrieben. Die Twists k\u00f6nnen ohne Einschr\u00e4nkungen an allen im Casino von Game Twist vorhandenen Spielen beliebig eingesetzt werden. Die Umsatzbedingungen der jeweiligen Freispiele Da es sich [&hellip;]","protected":false},"author":1,"featured_media":0,"parent":1597,"menu_order":0,"comment_status":"open","ping_status":"closed","template":"templates\/operator-bonus-template.php","meta":{"footnotes":""},"categories":[],"tags":[],"class_list":["post-1622","page","type-page","status-publish","hentry"],"_links":{"self":[{"href":"https:\/\/bonus.org\/de\/wp-json\/wp\/v2\/pages\/1622","targetHints":{"allow":["GET"]}}],"collection":[{"href":"https:\/\/bonus.org\/de\/wp-json\/wp\/v2\/pages"}],"about":[{"href":"https:\/\/bonus.org\/de\/wp-json\/wp\/v2\/types\/page"}],"author":[{"embeddable":true,"href":"https:\/\/bonus.org\/de\/wp-json\/wp\/v2\/users\/1"}],"replies":[{"embeddable":true,"href":"https:\/\/bonus.org\/de\/wp-json\/wp\/v2\/comments?post=1622"}],"version-history":[{"count":0,"href":"https:\/\/bonus.org\/de\/wp-json\/wp\/v2\/pages\/1622\/revisions"}],"up":[{"embeddable":true,"href":"https:\/\/bonus.org\/de\/wp-json\/wp\/v2\/pages\/1597"}],"wp:attachment":[{"href":"https:\/\/bonus.org\/de\/wp-json\/wp\/v2\/media?parent=1622"}],"wp:term":[{"taxonomy":"category","embeddable":true,"href":"https:\/\/bonus.org\/de\/wp-json\/wp\/v2\/categories?post=1622"},{"taxonomy":"post_tag","embeddable":true,"href":"https:\/\/bonus.org\/de\/wp-json\/wp\/v2\/tags?post=1622"}],"curies":[{"name":"wp","href":"https:\/\/api.w.org\/{rel}","templated":true}]}}